{"id":156,"date":"2024-04-02T21:48:45","date_gmt":"2024-04-02T21:48:45","guid":{"rendered":"https:\/\/somostribus.cl\/new2024\/?page_id=156"},"modified":"2024-04-23T13:39:48","modified_gmt":"2024-04-23T13:39:48","slug":"seleccion-ejecutiva","status":"publish","type":"page","link":"https:\/\/somostribus.cl\/new2024\/seleccion-ejecutiva\/","title":{"rendered":"Selecci\u00f3n ejecutiva"},"content":{"rendered":"\t\t<div data-elementor-type=\"wp-page\" data-elementor-id=\"156\" class=\"elementor elementor-156\" data-elementor-post-type=\"page\">\n\t\t\t\t\t\t<section class=\"elementor-section elementor-top-section elementor-element elementor-element-314fe68 elementor-section-height-min-height elementor-section-boxed elementor-section-height-default elementor-section-items-middle\" data-id=\"314fe68\" data-element_type=\"section\" data-settings=\"{&quot;background_background&quot;:&quot;classic&quot;}\">\n\t\t\t\t\t\t\t<div class=\"elementor-background-overlay\"><\/div>\n\t\t\t\t\t\t\t<div class=\"elementor-container elementor-column-gap-default\">\n\t\t\t\t\t<div class=\"elementor-column elementor-col-50 elementor-top-column elementor-element elementor-element-01aebe0\" data-id=\"01aebe0\" data-element_type=\"column\">\n\t\t\t<div class=\"elementor-widget-wrap elementor-element-populated\">\n\t\t\t\t\t\t<div class=\"elementor-element elementor-element-8cac180 elementor-widget elementor-widget-heading\" data-id=\"8cac180\" data-element_type=\"widget\" data-widget_type=\"heading.default\">\n\t\t\t\t<div class=\"elementor-widget-container\">\n\t\t\t<style>\/*! elementor - v3.21.0 - 30-04-2024 *\/\n.elementor-heading-title{padding:0;margin:0;line-height:1}.elementor-widget-heading .elementor-heading-title[class*=elementor-size-]>a{color:inherit;font-size:inherit;line-height:inherit}.elementor-widget-heading .elementor-heading-title.elementor-size-small{font-size:15px}.elementor-widget-heading .elementor-heading-title.elementor-size-medium{font-size:19px}.elementor-widget-heading .elementor-heading-title.elementor-size-large{font-size:29px}.elementor-widget-heading .elementor-heading-title.elementor-size-xl{font-size:39px}.elementor-widget-heading .elementor-heading-title.elementor-size-xxl{font-size:59px}<\/style><h1 class=\"elementor-heading-title elementor-size-default\">Selecci\u00f3n ejecutiva instant\u00e1nea SEI<\/h1>\t\t<\/div>\n\t\t\t\t<\/div>\n\t\t\t\t<div class=\"elementor-element elementor-element-76c8fae elementor-widget elementor-widget-heading\" data-id=\"76c8fae\" data-element_type=\"widget\" data-widget_type=\"heading.default\">\n\t\t\t\t<div class=\"elementor-widget-container\">\n\t\t\t<h2 class=\"elementor-heading-title elementor-size-default\">Contamos con una base de datos actualizada de ejecutivos entrevistados por SomosTribus que ponemos a disposici\u00f3n de nuestros clientes para fortalecer su estructura corporativa.<\/h2>\t\t<\/div>\n\t\t\t\t<\/div>\n\t\t\t\t\t<\/div>\n\t\t<\/div>\n\t\t\t\t<div class=\"elementor-column elementor-col-50 elementor-top-column elementor-element elementor-element-becaae2\" data-id=\"becaae2\" data-element_type=\"column\">\n\t\t\t<div class=\"elementor-widget-wrap\">\n\t\t\t\t\t\t\t<\/div>\n\t\t<\/div>\n\t\t\t\t\t<\/div>\n\t\t<\/section>\n\t\t\t\t<section class=\"elementor-section elementor-top-section elementor-element elementor-element-27e1d4e elementor-section-boxed elementor-section-height-default elementor-section-height-default\" data-id=\"27e1d4e\" data-element_type=\"section\" data-settings=\"{&quot;background_background&quot;:&quot;classic&quot;}\">\n\t\t\t\t\t\t<div class=\"elementor-container elementor-column-gap-wider\">\n\t\t\t\t\t<div class=\"elementor-column elementor-col-33 elementor-top-column elementor-element elementor-element-54d75b2\" data-id=\"54d75b2\" data-element_type=\"column\">\n\t\t\t<div class=\"elementor-widget-wrap elementor-element-populated\">\n\t\t\t\t\t\t<div class=\"elementor-element elementor-element-6da6179 elementor-view-default elementor-position-top elementor-mobile-position-top elementor-widget elementor-widget-icon-box\" data-id=\"6da6179\" data-element_type=\"widget\" data-widget_type=\"icon-box.default\">\n\t\t\t\t<div class=\"elementor-widget-container\">\n\t\t\t<link rel=\"stylesheet\" href=\"https:\/\/somostribus.cl\/new2024\/wp-content\/plugins\/elementor\/assets\/css\/widget-icon-box.min.css\">\t\t<div class=\"elementor-icon-box-wrapper\">\n\n\t\t\t\t\t\t<div class=\"elementor-icon-box-icon\">\n\t\t\t\t<span  class=\"elementor-icon elementor-animation-\">\n\t\t\t\t<svg xmlns=\"http:\/\/www.w3.org\/2000\/svg\" width=\"132\" height=\"132\" viewBox=\"0 0 132 132\" fill=\"none\"><g clip-path=\"url(#clip0_188_25)\"><path d=\"M34.2168 64.4325C34.2168 56.1825 40.9199 49.4794 49.1699 49.4794C57.4199 49.4794 64.123 56.1825 64.123 64.4325H34.2168Z\" stroke=\"white\" stroke-width=\"2\" stroke-miterlimit=\"10\" stroke-linecap=\"round\" stroke-linejoin=\"round\"><\/path><path d=\"M57.7708 40.8788C57.7708 45.6431 53.9139 49.5 49.1496 49.5C44.3852 49.5 40.5283 45.6431 40.5283 40.8788C40.5283 36.1144 44.3852 32.2575 49.1496 32.2575C53.9139 32.2575 57.7708 36.1144 57.7708 40.8788Z\" stroke=\"white\" stroke-width=\"2\" stroke-miterlimit=\"10\" stroke-linecap=\"round\" stroke-linejoin=\"round\"><\/path><path d=\"M75.2072 78.7336C91.3682 64.3899 92.8414 39.661 78.4976 23.5C64.1539 7.33898 39.425 5.86579 23.264 20.2095C7.10302 34.5532 5.62983 59.2822 19.9735 75.4431C34.3173 91.6041 59.0462 93.0773 75.2072 78.7336Z\" stroke=\"white\" stroke-width=\"2\" stroke-miterlimit=\"10\" stroke-linecap=\"round\" stroke-linejoin=\"round\"><\/path><path d=\"M72.9922 80.5612L83.6966 91.6575L88.7291 96.8962L88.9766 96.6487C89.0178 96.6281 89.0178 96.6075 89.0384 96.5662L92.5653 93.1837L94.7722 91.0387C94.8134 91.0181 94.8134 90.9975 94.8341 90.9975L95.1022 90.7294L79.3859 74.3943\" stroke=\"white\" stroke-width=\"2\" stroke-miterlimit=\"10\" stroke-linecap=\"round\" stroke-linejoin=\"round\"><\/path><path d=\"M120.842 118.14L115.129 123.668C113.747 124.967 111.561 124.926 110.261 123.564L88.9555 101.454C87.6768 100.114 87.6768 97.9688 88.9761 96.6488C89.0174 96.6281 89.0174 96.6075 89.038 96.5663L92.5236 93.1838H92.5443L94.7511 91.0388C94.7924 91.0181 94.7924 90.9975 94.813 90.9975C96.1949 89.7188 98.3399 89.7806 99.6186 91.1419L103.414 95.1019L120.904 113.252C122.244 114.613 122.224 116.82 120.842 118.14Z\" stroke=\"white\" stroke-width=\"2\" stroke-miterlimit=\"10\" stroke-linecap=\"round\" stroke-linejoin=\"round\"><\/path><path d=\"M72.2913 27.1425C84.5838 39.93 84.2126 60.2456 71.4251 72.5587C58.6376 84.8512 38.322 84.48 26.0088 71.6925C13.7163 58.905 14.0876 38.5894 26.8751 26.2762C39.6626 13.9631 59.9988 14.355 72.2913 27.1425Z\" stroke=\"white\" stroke-width=\"2\" stroke-miterlimit=\"10\" stroke-linecap=\"round\" stroke-linejoin=\"round\"><\/path><path d=\"M96.5049 71.4244C96.5049 64.7419 101.929 59.3175 108.612 59.3175C115.294 59.3175 120.719 64.7419 120.719 71.4244\" stroke=\"white\" stroke-width=\"2\" stroke-miterlimit=\"10\" stroke-linecap=\"round\" stroke-linejoin=\"round\"><\/path><path d=\"M115.563 52.3462C115.563 56.2031 112.448 59.3175 108.591 59.3175C104.734 59.3175 101.62 56.2031 101.62 52.3462C101.62 48.4894 104.734 45.375 108.591 45.375C112.448 45.375 115.563 48.51 115.563 52.3462Z\" stroke=\"white\" stroke-width=\"2\" stroke-miterlimit=\"10\" stroke-linecap=\"round\" stroke-linejoin=\"round\"><\/path><path d=\"M51.0889 122.038C51.0889 115.644 56.2657 110.467 62.6595 110.467C69.0532 110.467 74.2301 115.644 74.2301 122.038\" stroke=\"white\" stroke-width=\"2\" stroke-miterlimit=\"10\" stroke-linecap=\"round\" stroke-linejoin=\"round\"><\/path><path d=\"M69.3218 103.826C69.3218 107.497 66.3312 110.488 62.6599 110.488C58.9887 110.488 55.998 107.497 55.998 103.826C55.998 100.155 58.9887 97.1644 62.6599 97.1644C66.3312 97.1644 69.3218 100.134 69.3218 103.826Z\" stroke=\"white\" stroke-width=\"2\" stroke-miterlimit=\"10\" stroke-linecap=\"round\" stroke-linejoin=\"round\"><\/path><path d=\"M11.0557 109.601C11.0557 104.28 15.3663 99.9487 20.7082 99.9487C26.0294 99.9487 30.3607 104.259 30.3607 109.601\" stroke=\"white\" stroke-width=\"2\" stroke-miterlimit=\"10\" stroke-linecap=\"round\" stroke-linejoin=\"round\"><\/path><path d=\"M26.2769 94.4006C26.2769 97.4737 23.7813 99.9487 20.7288 99.9487C17.6557 99.9487 15.1807 97.4531 15.1807 94.4006C15.1807 91.3275 17.6763 88.8525 20.7288 88.8525C23.7813 88.8319 26.2769 91.3275 26.2769 94.4006Z\" stroke=\"white\" stroke-width=\"2\" stroke-miterlimit=\"10\" stroke-linecap=\"round\" stroke-linejoin=\"round\"><\/path><path d=\"M91.3281 27.8643C91.3281 22.605 95.5769 18.3562 100.836 18.3562C106.096 18.3562 110.344 22.605 110.344 27.8643\" stroke=\"white\" stroke-width=\"2\" stroke-miterlimit=\"10\" stroke-linecap=\"round\" stroke-linejoin=\"round\"><\/path><path d=\"M106.302 12.87C106.302 15.9019 103.847 18.3562 100.815 18.3562C97.7835 18.3562 95.3291 15.9019 95.3291 12.87C95.3291 9.8381 97.7835 7.38373 100.815 7.38373C103.847 7.38373 106.302 9.8381 106.302 12.87Z\" stroke=\"white\" stroke-width=\"2\" stroke-miterlimit=\"10\" stroke-linecap=\"round\" stroke-linejoin=\"round\"><\/path><\/g><defs><clipPath id=\"clip0_188_25\"><rect width=\"132\" height=\"132\" fill=\"white\"><\/rect><\/clipPath><\/defs><\/svg>\t\t\t\t<\/span>\n\t\t\t<\/div>\n\t\t\t\n\t\t\t\t\t\t<div class=\"elementor-icon-box-content\">\n\n\t\t\t\t\n\t\t\t\t\t\t\t\t\t<p class=\"elementor-icon-box-description\">\n\t\t\t\t\t\tA trav\u00e9s del tiempo hemos tenido la oportunidad de conocer a una gran cantidad de ejecutivos talentosos\t\t\t\t\t<\/p>\n\t\t\t\t\n\t\t\t<\/div>\n\t\t\t\n\t\t<\/div>\n\t\t\t\t<\/div>\n\t\t\t\t<\/div>\n\t\t\t\t\t<\/div>\n\t\t<\/div>\n\t\t\t\t<div class=\"elementor-column elementor-col-33 elementor-top-column elementor-element elementor-element-8432f78\" data-id=\"8432f78\" data-element_type=\"column\">\n\t\t\t<div class=\"elementor-widget-wrap elementor-element-populated\">\n\t\t\t\t\t\t<div class=\"elementor-element elementor-element-645bddc elementor-view-default elementor-position-top elementor-mobile-position-top elementor-widget elementor-widget-icon-box\" data-id=\"645bddc\" data-element_type=\"widget\" data-widget_type=\"icon-box.default\">\n\t\t\t\t<div class=\"elementor-widget-container\">\n\t\t\t\t\t<div class=\"elementor-icon-box-wrapper\">\n\n\t\t\t\t\t\t<div class=\"elementor-icon-box-icon\">\n\t\t\t\t<span  class=\"elementor-icon elementor-animation-\">\n\t\t\t\t<svg xmlns=\"http:\/\/www.w3.org\/2000\/svg\" width=\"108\" height=\"108\" viewBox=\"0 0 108 108\" fill=\"none\"><path d=\"M97.7205 33.1212C101.111 40.0808 103.074 47.7542 103.074 55.9629C103.074 84.1582 80.2323 107 52.037 107C23.8417 107 1 84.1582 1 55.9629C1 27.7676 23.8417 4.9259 52.037 4.9259C60.2458 4.9259 67.9192 6.88887 74.7003 10.2794\" stroke=\"white\" stroke-width=\"2\" stroke-miterlimit=\"10\" stroke-linecap=\"round\" stroke-linejoin=\"round\"><\/path><path d=\"M82.1932 37.0472C85.7622 42.5792 87.7252 49.0034 87.7252 56.1415C87.7252 75.9495 71.6646 91.8317 52.035 91.8317C32.4053 91.8317 16.3447 75.7711 16.3447 56.1415C16.3447 36.5118 32.4053 20.4512 52.035 20.4512C58.9945 20.4512 65.4188 22.4142 70.9508 25.8048\" stroke=\"white\" stroke-width=\"2\" stroke-miterlimit=\"10\" stroke-linecap=\"round\" stroke-linejoin=\"round\"><\/path><path d=\"M71.4879 47.7542C72.5586 50.2526 73.094 53.1078 73.094 55.963C73.094 67.5623 63.636 77.0202 52.0367 77.0202C40.4374 77.0202 30.9795 67.5623 30.9795 55.963C30.9795 44.3637 40.4374 34.9058 52.0367 34.9058C54.8919 34.9058 57.5687 35.4411 60.067 36.5118\" stroke=\"white\" stroke-width=\"2\" stroke-miterlimit=\"10\" stroke-linecap=\"round\" stroke-linejoin=\"round\"><\/path><path d=\"M57.2129 50.7878L46.5059 61.4949\" stroke=\"white\" stroke-width=\"2\" stroke-miterlimit=\"10\" stroke-linecap=\"round\" stroke-linejoin=\"round\"><\/path><path d=\"M85.7643 33.4781L95.0438 35.798L107 23.8417L88.798 19.0236L83.9798 1L72.0236 12.9562L74.3435 22.2357L56.3199 40.2592C53.6431 42.936 54 47.7542 57.0337 50.7879C60.0674 53.8215 64.8855 54.1784 67.5623 51.5017L85.7643 33.4781Z\" stroke=\"white\" stroke-width=\"2\" stroke-miterlimit=\"10\" stroke-linecap=\"round\" stroke-linejoin=\"round\"><\/path><path d=\"M88.7978 19.0235L80.0537 27.9461\" stroke=\"white\" stroke-width=\"2\" stroke-miterlimit=\"10\" stroke-linecap=\"round\" stroke-linejoin=\"round\"><\/path><path d=\"M74.3418 22.2357L85.7627 33.4781\" stroke=\"white\" stroke-width=\"2\" stroke-miterlimit=\"10\" stroke-linecap=\"round\" stroke-linejoin=\"round\"><\/path><\/svg>\t\t\t\t<\/span>\n\t\t\t<\/div>\n\t\t\t\n\t\t\t\t\t\t<div class=\"elementor-icon-box-content\">\n\n\t\t\t\t\n\t\t\t\t\t\t\t\t\t<p class=\"elementor-icon-box-description\">\n\t\t\t\t\t\tHemos creado un proceso \u00e1gil para contactarlos con nuestros clientes\t\t\t\t\t<\/p>\n\t\t\t\t\n\t\t\t<\/div>\n\t\t\t\n\t\t<\/div>\n\t\t\t\t<\/div>\n\t\t\t\t<\/div>\n\t\t\t\t\t<\/div>\n\t\t<\/div>\n\t\t\t\t<div class=\"elementor-column elementor-col-33 elementor-top-column elementor-element elementor-element-9cc13da\" data-id=\"9cc13da\" data-element_type=\"column\">\n\t\t\t<div class=\"elementor-widget-wrap elementor-element-populated\">\n\t\t\t\t\t\t<div class=\"elementor-element elementor-element-a5bd8f3 elementor-view-default elementor-position-top elementor-mobile-position-top elementor-widget elementor-widget-icon-box\" data-id=\"a5bd8f3\" data-element_type=\"widget\" data-widget_type=\"icon-box.default\">\n\t\t\t\t<div class=\"elementor-widget-container\">\n\t\t\t\t\t<div class=\"elementor-icon-box-wrapper\">\n\n\t\t\t\t\t\t<div class=\"elementor-icon-box-icon\">\n\t\t\t\t<span  class=\"elementor-icon elementor-animation-\">\n\t\t\t\t<svg xmlns=\"http:\/\/www.w3.org\/2000\/svg\" width=\"133\" height=\"125\" viewBox=\"0 0 133 125\" fill=\"none\"><path d=\"M56.3208 95.0453H7.63849C3.87668 95.0453 1 92.1686 1 88.4068V32.2009V21.358C1 16.4898 4.98309 12.5067 9.85132 12.5067H26.005H44.1502H61.6316H79.7768H85.0876C89.9558 12.5067 93.9389 16.4898 93.9389 21.358V32.2009V72.6957\" stroke=\"white\" stroke-width=\"2\" stroke-miterlimit=\"10\" stroke-linecap=\"round\" stroke-linejoin=\"round\"><\/path><path d=\"M1 32.2008H94.1602\" stroke=\"white\" stroke-width=\"2\" stroke-miterlimit=\"10\" stroke-linecap=\"round\" stroke-linejoin=\"round\"><\/path><path d=\"M15.8262 6.75336C16.7113 3.21283 18.4816 1 20.4731 1C22.4647 1 24.2349 3.43411 25.1201 6.75336C25.5626 8.30234 25.7839 10.2939 25.7839 12.2854C25.7839 16.0472 24.8988 19.1452 23.7924 21.358\" stroke=\"white\" stroke-width=\"2\" stroke-miterlimit=\"10\" stroke-linecap=\"round\" stroke-linejoin=\"round\"><\/path><path d=\"M33.9717 6.75336C34.8568 3.21283 36.6271 1 38.6186 1C40.6102 1 42.3804 3.43411 43.2656 6.75336C43.7081 8.30234 43.9294 10.2939 43.9294 12.2854C43.9294 16.0472 43.0443 19.1452 41.9379 21.358\" stroke=\"white\" stroke-width=\"2\" stroke-miterlimit=\"10\" stroke-linecap=\"round\" stroke-linejoin=\"round\"><\/path><path d=\"M51.6748 6.75336C52.5599 3.21283 54.3302 1 56.3217 1C58.3133 1 60.0836 3.43411 60.9687 6.75336C61.4113 8.30234 61.6325 10.2939 61.6325 12.2854C61.6325 16.0472 60.7474 19.1452 59.641 21.358\" stroke=\"white\" stroke-width=\"2\" stroke-miterlimit=\"10\" stroke-linecap=\"round\" stroke-linejoin=\"round\"><\/path><path d=\"M69.8184 6.75336C70.7035 3.21283 72.4738 1 74.4653 1C76.4568 1 78.2271 3.43411 79.1122 6.75336C79.5548 8.30234 79.7761 10.2939 79.7761 12.2854C79.7761 16.0472 78.891 19.1452 77.7845 21.358\" stroke=\"white\" stroke-width=\"2\" stroke-miterlimit=\"10\" stroke-linecap=\"round\" stroke-linejoin=\"round\"><\/path><path d=\"M82.6545 123.148C97.3199 123.148 109.209 111.26 109.209 96.5942C109.209 81.9289 97.3199 70.0403 82.6545 70.0403C67.9892 70.0403 56.1006 81.9289 56.1006 96.5942C56.1006 111.26 67.9892 123.148 82.6545 123.148Z\" stroke=\"white\" stroke-width=\"2\" stroke-miterlimit=\"10\" stroke-linecap=\"round\" stroke-linejoin=\"round\"><\/path><path d=\"M82.6527 113.854C92.1851 113.854 99.9127 106.127 99.9127 96.5943C99.9127 87.0618 92.1851 79.3342 82.6527 79.3342C73.1202 79.3342 65.3926 87.0618 65.3926 96.5943C65.3926 106.127 73.1202 113.854 82.6527 113.854Z\" stroke=\"white\" stroke-width=\"2\" stroke-miterlimit=\"10\" stroke-linecap=\"round\" stroke-linejoin=\"round\"><\/path><path d=\"M82.6543 103.675C86.5651 103.675 89.7354 100.505 89.7354 96.5943C89.7354 92.6835 86.5651 89.5132 82.6543 89.5132C78.7435 89.5132 75.5732 92.6835 75.5732 96.5943C75.5732 100.505 78.7435 103.675 82.6543 103.675Z\" stroke=\"white\" stroke-width=\"2\" stroke-miterlimit=\"10\" stroke-linecap=\"round\" stroke-linejoin=\"round\"><\/path><path d=\"M82.6553 96.5943L116.069 63.4019\" stroke=\"white\" stroke-width=\"2\" stroke-miterlimit=\"10\" stroke-linecap=\"round\" stroke-linejoin=\"round\"><\/path><path d=\"M109.871 69.5977L105.224 56.9846L114.96 47.4694L119.386 60.0826L109.871 69.5977Z\" stroke=\"white\" stroke-width=\"2\" stroke-miterlimit=\"10\" stroke-linecap=\"round\" stroke-linejoin=\"round\"><\/path><path d=\"M109.872 69.5978L122.485 74.0235L132 64.5083L119.387 60.0826L109.872 69.5978Z\" stroke=\"white\" stroke-width=\"2\" stroke-miterlimit=\"10\" stroke-linecap=\"round\" stroke-linejoin=\"round\"><\/path><path d=\"M32.1998 43.7076H16.71V55.8781H32.1998V43.7076Z\" stroke=\"white\" stroke-width=\"2\" stroke-miterlimit=\"10\" stroke-linecap=\"round\" stroke-linejoin=\"round\"><\/path><path d=\"M47.69 43.7076H32.2002V55.8781H47.69V43.7076Z\" stroke=\"white\" stroke-width=\"2\" stroke-miterlimit=\"10\" stroke-linecap=\"round\" stroke-linejoin=\"round\"><\/path><path d=\"M32.1998 56.0996H16.71V68.2702H32.1998V56.0996Z\" stroke=\"white\" stroke-width=\"2\" stroke-miterlimit=\"10\" stroke-linecap=\"round\" stroke-linejoin=\"round\"><\/path><path d=\"M32.1998 68.2701H16.71V80.4406H32.1998V68.2701Z\" stroke=\"white\" stroke-width=\"2\" stroke-miterlimit=\"10\" stroke-linecap=\"round\" stroke-linejoin=\"round\"><\/path><path d=\"M47.69 56.0996H32.2002V68.2702H47.69V56.0996Z\" stroke=\"white\" stroke-width=\"2\" stroke-miterlimit=\"10\" stroke-linecap=\"round\" stroke-linejoin=\"round\"><\/path><path d=\"M62.9595 56.0996H47.4697V68.2702H62.9595V56.0996Z\" stroke=\"white\" stroke-width=\"2\" stroke-miterlimit=\"10\" stroke-linecap=\"round\" stroke-linejoin=\"round\"><\/path><path d=\"M47.69 68.2701H32.2002V80.4406H47.69V68.2701Z\" stroke=\"white\" stroke-width=\"2\" stroke-miterlimit=\"10\" stroke-linecap=\"round\" stroke-linejoin=\"round\"><\/path><path d=\"M62.9595 43.7076H47.4697V55.8781H62.9595V43.7076Z\" stroke=\"white\" stroke-width=\"2\" stroke-miterlimit=\"10\" stroke-linecap=\"round\" stroke-linejoin=\"round\"><\/path><path d=\"M78.4498 43.7076H62.96V55.8781H78.4498V43.7076Z\" stroke=\"white\" stroke-width=\"2\" stroke-miterlimit=\"10\" stroke-linecap=\"round\" stroke-linejoin=\"round\"><\/path><\/svg>\t\t\t\t<\/span>\n\t\t\t<\/div>\n\t\t\t\n\t\t\t\t\t\t<div class=\"elementor-icon-box-content\">\n\n\t\t\t\t\n\t\t\t\t\t\t\t\t\t<p class=\"elementor-icon-box-description\">\n\t\t\t\t\t\tNuestro compromiso es que nuestros clientes puedan conocerlos en un plazo de una semana\t\t\t\t\t<\/p>\n\t\t\t\t\n\t\t\t<\/div>\n\t\t\t\n\t\t<\/div>\n\t\t\t\t<\/div>\n\t\t\t\t<\/div>\n\t\t\t\t\t<\/div>\n\t\t<\/div>\n\t\t\t\t\t<\/div>\n\t\t<\/section>\n\t\t\t\t<section class=\"elementor-section elementor-top-section elementor-element elementor-element-a730594 elementor-section-height-min-height elementor-section-boxed elementor-section-height-default elementor-section-items-middle\" data-id=\"a730594\" data-element_type=\"section\" data-settings=\"{&quot;background_background&quot;:&quot;classic&quot;}\">\n\t\t\t\t\t\t<div class=\"elementor-container elementor-column-gap-default\">\n\t\t\t\t\t<div class=\"elementor-column elementor-col-50 elementor-top-column elementor-element elementor-element-c76caf2\" data-id=\"c76caf2\" data-element_type=\"column\">\n\t\t\t<div class=\"elementor-widget-wrap elementor-element-populated\">\n\t\t\t\t\t\t<div class=\"elementor-element elementor-element-07b32ca elementor-widget elementor-widget-heading\" data-id=\"07b32ca\" data-element_type=\"widget\" data-widget_type=\"heading.default\">\n\t\t\t\t<div class=\"elementor-widget-container\">\n\t\t\t<h2 class=\"elementor-heading-title elementor-size-default\">Cont\u00e1ctanos para conocer m\u00e1s sobre este innovador servicio<\/h2>\t\t<\/div>\n\t\t\t\t<\/div>\n\t\t\t\t<div class=\"elementor-element elementor-element-b9b61f1 elementor-align-center elementor-widget elementor-widget-button\" data-id=\"b9b61f1\" data-element_type=\"widget\" data-widget_type=\"button.default\">\n\t\t\t\t<div class=\"elementor-widget-container\">\n\t\t\t\t\t<div class=\"elementor-button-wrapper\">\n\t\t\t<a class=\"elementor-button elementor-button-link elementor-size-sm\" href=\"\/new2024\/contacto\/\">\n\t\t\t\t\t\t<span class=\"elementor-button-content-wrapper\">\n\t\t\t\t\t\t\t\t\t<span class=\"elementor-button-text\">Cont\u00e1ctanos<\/span>\n\t\t\t\t\t<\/span>\n\t\t\t\t\t<\/a>\n\t\t<\/div>\n\t\t\t\t<\/div>\n\t\t\t\t<\/div>\n\t\t\t\t\t<\/div>\n\t\t<\/div>\n\t\t\t\t<div class=\"elementor-column elementor-col-50 elementor-top-column elementor-element elementor-element-0cac9a2\" data-id=\"0cac9a2\" data-element_type=\"column\">\n\t\t\t<div class=\"elementor-widget-wrap\">\n\t\t\t\t\t\t\t<\/div>\n\t\t<\/div>\n\t\t\t\t\t<\/div>\n\t\t<\/section>\n\t\t\t\t<\/div>\n\t\t","protected":false},"excerpt":{"rendered":"<p>Selecci\u00f3n ejecutiva instant\u00e1nea SEI Contamos con una base de datos actualizada de ejecutivos entrevistados por SomosTribus que ponemos a disposici\u00f3n de nuestros clientes para fortalecer su estructura corporativa. A trav\u00e9s del tiempo hemos tenido la oportunidad de conocer a una gran cantidad de ejecutivos talentosos Hemos creado un proceso \u00e1gil para contactarlos con nuestros clientes [&hellip;]<\/p>\n","protected":false},"author":1,"featured_media":0,"parent":0,"menu_order":0,"comment_status":"closed","ping_status":"closed","template":"","meta":{"_acf_changed":false,"footnotes":""},"class_list":["post-156","page","type-page","status-publish","hentry"],"acf":[],"_links":{"self":[{"href":"https:\/\/somostribus.cl\/new2024\/wp-json\/wp\/v2\/pages\/156","targetHints":{"allow":["GET"]}}],"collection":[{"href":"https:\/\/somostribus.cl\/new2024\/wp-json\/wp\/v2\/pages"}],"about":[{"href":"https:\/\/somostribus.cl\/new2024\/wp-json\/wp\/v2\/types\/page"}],"author":[{"embeddable":true,"href":"https:\/\/somostribus.cl\/new2024\/wp-json\/wp\/v2\/users\/1"}],"replies":[{"embeddable":true,"href":"https:\/\/somostribus.cl\/new2024\/wp-json\/wp\/v2\/comments?post=156"}],"version-history":[{"count":46,"href":"https:\/\/somostribus.cl\/new2024\/wp-json\/wp\/v2\/pages\/156\/revisions"}],"predecessor-version":[{"id":775,"href":"https:\/\/somostribus.cl\/new2024\/wp-json\/wp\/v2\/pages\/156\/revisions\/775"}],"wp:attachment":[{"href":"https:\/\/somostribus.cl\/new2024\/wp-json\/wp\/v2\/media?parent=156"}],"curies":[{"name":"wp","href":"https:\/\/api.w.org\/{rel}","templated":true}]}}